{"id":31335,"date":"2021-05-03T08:14:16","date_gmt":"2021-05-03T05:14:16","guid":{"rendered":"https:\/\/svo.tasam.org\/?page_id=31335"},"modified":"2021-08-11T06:59:48","modified_gmt":"2021-08-11T03:59:48","slug":"corporation","status":"publish","type":"page","link":"https:\/\/svo.tasam.org\/en\/categories\/corporation\/","title":{"rendered":"Corporation"},"content":{"rendered":"<p>[et_pb_section fb_built=&#8221;1&#8243; custom_padding_last_edited=&#8221;off|phone&#8221; admin_label=&#8221;Header&#8221; _builder_version=&#8221;4.0.6&#8243; use_background_color_gradient=&#8221;on&#8221; background_color_gradient_start=&#8221;rgba(0,0,0,0.5)&#8221; background_color_gradient_end=&#8221;#000000&#8243; background_color_gradient_overlays_image=&#8221;on&#8221; background_image=&#8221;https:\/\/svo.tasam.org\/en\/wp-content\/uploads\/sites\/2\/2020\/12\/theater-02.jpg&#8221; custom_padding=&#8221;10vw||10vw||true|false&#8221; locked=&#8221;off&#8221;][et_pb_row _builder_version=&#8221;3.27.3&#8243;][et_pb_column type=&#8221;4_4&#8243; _builder_version=&#8221;3.27.3&#8243;][et_pb_text _builder_version=&#8221;4.9.7&#8243; _module_preset=&#8221;default&#8221; text_text_color=&#8221;rgba(255,255,255,0.5)&#8221; text_font_size=&#8221;16px&#8221; text_line_height=&#8221;1.8em&#8221; header_font=&#8221;Montserrat|300||on|||||&#8221; header_font_size=&#8221;6vw&#8221; header_letter_spacing=&#8221;10px&#8221; header_line_height=&#8221;1.2em&#8221; header_3_font=&#8221;Montserrat|700||on|||||&#8221; header_3_text_color=&#8221;#f9002b&#8221; header_3_font_size=&#8221;16px&#8221; header_3_letter_spacing=&#8221;2px&#8221; header_3_line_height=&#8221;1.4em&#8221; background_layout=&#8221;dark&#8221; header_3_font_size_tablet=&#8221;14px&#8221; header_3_font_size_phone=&#8221;&#8221; header_3_font_size_last_edited=&#8221;on|phone&#8221; global_module=&#8221;30497&#8243; saved_tabs=&#8221;all&#8221;]<\/p>\n<h3><span>STRATEGIC VISION OWNER<\/span><\/h3>\n<h1><strong>Corporation<\/strong><\/h1>\n<p><span>It is given in order to honour and encourage private, public and civil corporations which make contribution to our country\u2019s strategic vision with their successful projects and decisions for solution of problems and development in the sectors or areas where they are active.<\/span><\/p>\n<p>[\/et_pb_text][et_pb_button button_url=&#8221;@ET-DC@eyJkeW5hbWljIjp0cnVlLCJjb250ZW50IjoicG9zdF9saW5rX3VybF9wYWdlIiwic2V0dGluZ3MiOnsicG9zdF9pZCI6IjI5Nzk4In19@&#8221; button_text=&#8221; ALL BRANCHES&#8221; _builder_version=&#8221;4.9.7&#8243; _dynamic_attributes=&#8221;button_url&#8221; custom_button=&#8221;on&#8221; button_text_size=&#8221;14px&#8221; button_text_color=&#8221;#ffffff&#8221; button_bg_color=&#8221;#f9002b&#8221; button_border_width=&#8221;0px&#8221; button_letter_spacing=&#8221;2px&#8221; button_font=&#8221;Montserrat|600||on|||||&#8221; button_icon=&#8221;%%171%%&#8221; button_icon_placement=&#8221;left&#8221; button_on_hover=&#8221;off&#8221; custom_padding=&#8221;15px|25px|15px|45px|true|false&#8221; custom_css_before=&#8221;line-height: 21px !important;||margin-left: -1.7em !important;&#8221; global_module=&#8221;30388&#8243; saved_tabs=&#8221;all&#8221; locked=&#8221;off&#8221; button_bg_color__hover=&#8221;#6e42ff&#8221; button_bg_color__hover_enabled=&#8221;on|hover&#8221; button_bg_enable_color__hover=&#8221;on&#8221;][\/et_pb_button][\/et_pb_column][\/et_pb_row][\/et_pb_section][et_pb_section fb_built=&#8221;1&#8243; admin_label=&#8221;Movies&#8221; _builder_version=&#8221;3.27.3&#8243; background_color=&#8221;#000000&#8243;][et_pb_row _builder_version=&#8221;4.7.1&#8243; _module_preset=&#8221;default&#8221;][et_pb_column type=&#8221;4_4&#8243; _builder_version=&#8221;4.7.1&#8243; _module_preset=&#8221;default&#8221;][et_pb_blog fullwidth=&#8221;off&#8221; include_categories=&#8221;25&#8243; show_author=&#8221;off&#8221; show_date=&#8221;off&#8221; show_excerpt=&#8221;off&#8221; show_pagination=&#8221;off&#8221; _builder_version=&#8221;4.9.7&#8243; _module_preset=&#8221;default&#8221; header_font_size=&#8221;15px&#8221; meta_font=&#8221;|600|||||||&#8221; meta_text_color=&#8221;#000000&#8243; meta_font_size=&#8221;12px&#8221; hover_enabled=&#8221;0&#8243; global_module=&#8221;31221&#8243; saved_tabs=&#8221;all&#8221; sticky_enabled=&#8221;0&#8243;][\/et_pb_blog][\/et_pb_column][\/et_pb_row][\/et_pb_section][et_pb_section fb_built=&#8221;1&#8243; admin_label=&#8221;Footer&#8221; _builder_version=&#8221;4.9.0&#8243; background_color=&#8221;#000000&#8243; background_enable_image=&#8221;off&#8221; locked=&#8221;off&#8221;][et_pb_row _builder_version=&#8221;3.29.1&#8243;][et_pb_column type=&#8221;4_4&#8243; _builder_version=&#8221;3.29.1&#8243;][et_pb_button button_url=&#8221;@ET-DC@eyJkeW5hbWljIjp0cnVlLCJjb250ZW50IjoicG9zdF9saW5rX3VybF9wYWdlIiwic2V0dGluZ3MiOnsicG9zdF9pZCI6IjI5Nzk4In19@&#8221; button_text=&#8221; VIEW ALL BRANCHES&#8221; button_alignment=&#8221;center&#8221; _builder_version=&#8221;4.9.7&#8243; _dynamic_attributes=&#8221;button_url&#8221; custom_button=&#8221;on&#8221; button_text_size=&#8221;14px&#8221; button_text_color=&#8221;#ffffff&#8221; button_bg_color=&#8221;#6e42ff&#8221; button_border_width=&#8221;0px&#8221; button_letter_spacing=&#8221;2px&#8221; button_font=&#8221;Montserrat|600||on|||||&#8221; button_icon=&#8221;%%171%%&#8221; button_icon_placement=&#8221;left&#8221; button_on_hover=&#8221;off&#8221; custom_margin=&#8221;||||false|false&#8221; custom_padding=&#8221;15px|25px|15px|45px|true|false&#8221; custom_css_before=&#8221;line-height: 21px!important;||margin-left: -1.7em!important;&#8221; global_module=&#8221;30394&#8243; saved_tabs=&#8221;all&#8221; locked=&#8221;off&#8221; button_bg_color__hover=&#8221;#ffffff&#8221; button_bg_color__hover_enabled=&#8221;on|hover&#8221; button_bg_enable_color__hover=&#8221;on&#8221; button_text_color__hover_enabled=&#8221;on|hover&#8221; button_text_color__hover=&#8221;#6e42ff&#8221;][\/et_pb_button][\/et_pb_column][\/et_pb_row][\/et_pb_section]<\/p>\n","protected":false},"excerpt":{"rendered":"<p>STRATEGIC VISION OWNER Corporation It is given in order to honour and encourage private, public and civil corporations which make contribution to our country\u2019s strategic vision with their successful projects and decisions for solution of problems and development in the sectors or areas where they are active. view all years S.S. T\u0130RE S\u00dcT M\u00dcSTAHS\u0130LLER\u0130 (Tar\u0131msal [&hellip;]<\/p>\n","protected":false},"author":1,"featured_media":0,"parent":29798,"menu_order":0,"comment_status":"closed","ping_status":"closed","template":"","meta":{"_et_pb_use_builder":"on","_et_pb_old_content":"","_et_gb_content_width":""},"_links":{"self":[{"href":"https:\/\/svo.tasam.org\/en\/wp-json\/wp\/v2\/pages\/31335"}],"collection":[{"href":"https:\/\/svo.tasam.org\/en\/wp-json\/wp\/v2\/pages"}],"about":[{"href":"https:\/\/svo.tasam.org\/en\/wp-json\/wp\/v2\/types\/page"}],"author":[{"embeddable":true,"href":"https:\/\/svo.tasam.org\/en\/wp-json\/wp\/v2\/users\/1"}],"replies":[{"embeddable":true,"href":"https:\/\/svo.tasam.org\/en\/wp-json\/wp\/v2\/comments?post=31335"}],"version-history":[{"count":3,"href":"https:\/\/svo.tasam.org\/en\/wp-json\/wp\/v2\/pages\/31335\/revisions"}],"predecessor-version":[{"id":32466,"href":"https:\/\/svo.tasam.org\/en\/wp-json\/wp\/v2\/pages\/31335\/revisions\/32466"}],"up":[{"embeddable":true,"href":"https:\/\/svo.tasam.org\/en\/wp-json\/wp\/v2\/pages\/29798"}],"wp:attachment":[{"href":"https:\/\/svo.tasam.org\/en\/wp-json\/wp\/v2\/media?parent=31335"}],"curies":[{"name":"wp","href":"https:\/\/api.w.org\/{rel}","templated":true}]}}