{"id":31278,"date":"2021-05-02T08:47:02","date_gmt":"2021-05-02T05:47:02","guid":{"rendered":"https:\/\/svo.tasam.org\/?page_id=31278"},"modified":"2021-08-11T07:17:57","modified_gmt":"2021-08-11T04:17:57","slug":"svo-2008","status":"publish","type":"page","link":"https:\/\/svo.tasam.org\/en\/years\/svo-2008\/","title":{"rendered":"2008"},"content":{"rendered":"<p>[et_pb_section fb_built=&#8221;1&#8243; custom_padding_last_edited=&#8221;off|phone&#8221; admin_label=&#8221;Header&#8221; _builder_version=&#8221;4.0.6&#8243; use_background_color_gradient=&#8221;on&#8221; background_color_gradient_start=&#8221;rgba(0,0,0,0.5)&#8221; background_color_gradient_end=&#8221;#000000&#8243; background_color_gradient_overlays_image=&#8221;on&#8221; background_image=&#8221;https:\/\/svo.tasam.org\/en\/wp-content\/uploads\/sites\/2\/2020\/12\/theater-02.jpg&#8221; custom_padding=&#8221;10vw||10vw||true|false&#8221; locked=&#8221;off&#8221;][et_pb_row _builder_version=&#8221;3.27.3&#8243;][et_pb_column type=&#8221;4_4&#8243; _builder_version=&#8221;3.27.3&#8243;][et_pb_text _builder_version=&#8221;4.9.7&#8243; _module_preset=&#8221;default&#8221; text_text_color=&#8221;rgba(255,255,255,0.5)&#8221; text_font_size=&#8221;16px&#8221; text_line_height=&#8221;1.8em&#8221; header_font=&#8221;Montserrat|300||on|||||&#8221; header_font_size=&#8221;10vw&#8221; header_letter_spacing=&#8221;50px&#8221; header_line_height=&#8221;0.9em&#8221; header_3_font=&#8221;Montserrat|700||on|||||&#8221; header_3_text_color=&#8221;#f9002b&#8221; header_3_font_size=&#8221;16px&#8221; header_3_letter_spacing=&#8221;2px&#8221; header_3_line_height=&#8221;1.4em&#8221; background_layout=&#8221;dark&#8221; hover_enabled=&#8221;0&#8243; header_3_font_size_tablet=&#8221;14px&#8221; header_3_font_size_phone=&#8221;&#8221; header_3_font_size_last_edited=&#8221;on|phone&#8221; global_module=&#8221;30482&#8243; saved_tabs=&#8221;all&#8221; sticky_enabled=&#8221;0&#8243;]<\/p>\n<h3>Strategic Vision Awards<\/h3>\n<h1><strong>2008<\/strong><\/h1>\n<p>[\/et_pb_text][et_pb_button button_url=&#8221;https:\/\/svo.tasam.org\/yillar\/&#8221; button_text=&#8221;T\u00dcM YILLAR&#8221; _builder_version=&#8221;4.9.7&#8243; _dynamic_attributes=&#8221;button_url&#8221; custom_button=&#8221;on&#8221; button_text_size=&#8221;14px&#8221; button_text_color=&#8221;#ffffff&#8221; button_bg_color=&#8221;#f9002b&#8221; button_border_width=&#8221;0px&#8221; button_letter_spacing=&#8221;2px&#8221; button_font=&#8221;Montserrat|600||on|||||&#8221; button_icon=&#8221;%%227%%&#8221; button_icon_placement=&#8221;left&#8221; button_on_hover=&#8221;off&#8221; custom_padding=&#8221;15px|25px|15px|45px|true|false&#8221; custom_css_before=&#8221;line-height: 21px !important;||margin-left: -1.7em !important;&#8221; global_module=&#8221;30388&#8243; saved_tabs=&#8221;all&#8221; locked=&#8221;off&#8221; button_bg_color__hover=&#8221;#6e42ff&#8221; button_bg_color__hover_enabled=&#8221;on|hover&#8221; button_bg_enable_color__hover=&#8221;on&#8221;][\/et_pb_button][\/et_pb_column][\/et_pb_row][\/et_pb_section][et_pb_section fb_built=&#8221;1&#8243; admin_label=&#8221;Movies&#8221; _builder_version=&#8221;3.27.3&#8243; background_color=&#8221;#000000&#8243;][et_pb_row _builder_version=&#8221;4.7.1&#8243; _module_preset=&#8221;default&#8221;][et_pb_column type=&#8221;4_4&#8243; _builder_version=&#8221;4.7.1&#8243; _module_preset=&#8221;default&#8221;][et_pb_blog fullwidth=&#8221;off&#8221; include_categories=&#8221;32&#8243; show_author=&#8221;off&#8221; show_date=&#8221;off&#8221; show_excerpt=&#8221;off&#8221; show_pagination=&#8221;off&#8221; _builder_version=&#8221;4.9.7&#8243; _module_preset=&#8221;default&#8221; header_font_size=&#8221;15px&#8221; meta_font=&#8221;|600|||||||&#8221; meta_text_color=&#8221;#000000&#8243; meta_font_size=&#8221;12px&#8221; global_module=&#8221;31221&#8243; saved_tabs=&#8221;all&#8221;][\/et_pb_blog][\/et_pb_column][\/et_pb_row][\/et_pb_section][et_pb_section fb_built=&#8221;1&#8243; admin_label=&#8221;Footer&#8221; _builder_version=&#8221;4.9.0&#8243; background_color=&#8221;#000000&#8243; background_enable_image=&#8221;off&#8221; locked=&#8221;off&#8221;][et_pb_row _builder_version=&#8221;3.29.1&#8243;][et_pb_column type=&#8221;4_4&#8243; _builder_version=&#8221;3.29.1&#8243;][et_pb_button button_text=&#8221;T\u00dcM YILLARI G\u00d6R\u00dcNT\u00dcLE&#8221; button_alignment=&#8221;center&#8221; _builder_version=&#8221;4.9.7&#8243; _dynamic_attributes=&#8221;button_url&#8221; custom_button=&#8221;on&#8221; button_text_size=&#8221;14px&#8221; button_text_color=&#8221;#ffffff&#8221; button_bg_color=&#8221;#6e42ff&#8221; button_border_width=&#8221;0px&#8221; button_letter_spacing=&#8221;2px&#8221; button_font=&#8221;Montserrat|600||on|||||&#8221; button_icon=&#8221;%%227%%&#8221; button_icon_placement=&#8221;left&#8221; button_on_hover=&#8221;off&#8221; custom_margin=&#8221;||||false|false&#8221; custom_padding=&#8221;15px|25px|15px|45px|true|false&#8221; custom_css_before=&#8221;line-height: 21px!important;||margin-left: -1.7em!important;&#8221; global_module=&#8221;30394&#8243; saved_tabs=&#8221;all&#8221; locked=&#8221;off&#8221; button_bg_color__hover=&#8221;#ffffff&#8221; button_bg_color__hover_enabled=&#8221;on|hover&#8221; button_bg_enable_color__hover=&#8221;on&#8221; button_text_color__hover_enabled=&#8221;on|hover&#8221; button_text_color__hover=&#8221;#6e42ff&#8221;][\/et_pb_button][\/et_pb_column][\/et_pb_row][\/et_pb_section]<\/p>\n","protected":false},"excerpt":{"rendered":"<p>Strategic Vision Awards 2008 view all years Nur BATUR 2008, Strategic Vision Award offered for Journalist &#8211; Writerhe started journalism in\u00a0 1976\u00a0 in Anatolian News Agency. She worked for long years in the Newspapers of Terc\u00fcman, Milliyet and H\u00fcrriyet. She also produced documentaries and news analysis for \u00a0national TV channels , Kanal D,\u00a0 CNN Turk [&hellip;]<\/p>\n","protected":false},"author":1,"featured_media":0,"parent":29793,"menu_order":110,"comment_status":"closed","ping_status":"closed","template":"","meta":{"_et_pb_use_builder":"on","_et_pb_old_content":"","_et_gb_content_width":""},"_links":{"self":[{"href":"https:\/\/svo.tasam.org\/en\/wp-json\/wp\/v2\/pages\/31278"}],"collection":[{"href":"https:\/\/svo.tasam.org\/en\/wp-json\/wp\/v2\/pages"}],"about":[{"href":"https:\/\/svo.tasam.org\/en\/wp-json\/wp\/v2\/types\/page"}],"author":[{"embeddable":true,"href":"https:\/\/svo.tasam.org\/en\/wp-json\/wp\/v2\/users\/1"}],"replies":[{"embeddable":true,"href":"https:\/\/svo.tasam.org\/en\/wp-json\/wp\/v2\/comments?post=31278"}],"version-history":[{"count":5,"href":"https:\/\/svo.tasam.org\/en\/wp-json\/wp\/v2\/pages\/31278\/revisions"}],"predecessor-version":[{"id":32499,"href":"https:\/\/svo.tasam.org\/en\/wp-json\/wp\/v2\/pages\/31278\/revisions\/32499"}],"up":[{"embeddable":true,"href":"https:\/\/svo.tasam.org\/en\/wp-json\/wp\/v2\/pages\/29793"}],"wp:attachment":[{"href":"https:\/\/svo.tasam.org\/en\/wp-json\/wp\/v2\/media?parent=31278"}],"curies":[{"name":"wp","href":"https:\/\/api.w.org\/{rel}","templated":true}]}}